{"id":869,"date":"2023-04-18T07:33:05","date_gmt":"2023-04-18T07:33:05","guid":{"rendered":"https:\/\/asadipre.org\/jornadas2023\/?page_id=869"},"modified":"2023-04-18T07:52:44","modified_gmt":"2023-04-18T07:52:44","slug":"visita-barrio-santa-cruz","status":"publish","type":"page","link":"https:\/\/asadipre.org\/jornadas2023\/actividades-de-ocio\/visita-barrio-santa-cruz\/","title":{"rendered":"Visita barrio Santa Cruz"},"content":{"rendered":"\t\t<div data-elementor-type=\"wp-page\" data-elementor-id=\"869\" class=\"elementor elementor-869\">\n\t\t\t\t\t\t<section class=\"elementor-section elementor-top-section elementor-element elementor-element-3c587c6c elementor-section-boxed elementor-section-height-default elementor-section-height-default\" data-id=\"3c587c6c\" data-element_type=\"section\" data-e-type=\"section\" data-settings=\"{&quot;background_background&quot;:&quot;classic&quot;}\">\n\t\t\t\t\t\t<div class=\"elementor-container elementor-column-gap-default\">\n\t\t\t\t\t<div class=\"elementor-column elementor-col-50 elementor-top-column elementor-element elementor-element-421b66e6\" data-id=\"421b66e6\" data-element_type=\"column\" data-e-type=\"column\">\n\t\t\t<div class=\"elementor-widget-wrap elementor-element-populated\">\n\t\t\t\t\t\t<div class=\"elementor-element elementor-element-3c3034f5 elementor-widget elementor-widget-image\" data-id=\"3c3034f5\" data-element_type=\"widget\" data-e-type=\"widget\" data-widget_type=\"image.default\">\n\t\t\t\t<div class=\"elementor-widget-container\">\n\t\t\t\t\t\t\t\t\t\t\t\t\t\t\t<img fetchpriority=\"high\" decoding=\"async\" width=\"681\" height=\"1024\" src=\"https:\/\/asadipre.org\/jornadas2023\/wp-content\/uploads\/2023\/04\/El-barrio-de-Santa-Cruz-681x1024.jpeg\" class=\"attachment-large size-large wp-image-907\" alt=\"\" srcset=\"https:\/\/asadipre.org\/jornadas2023\/wp-content\/uploads\/2023\/04\/El-barrio-de-Santa-Cruz-681x1024.jpeg 681w, https:\/\/asadipre.org\/jornadas2023\/wp-content\/uploads\/2023\/04\/El-barrio-de-Santa-Cruz-199x300.jpeg 199w, https:\/\/asadipre.org\/jornadas2023\/wp-content\/uploads\/2023\/04\/El-barrio-de-Santa-Cruz-768x1155.jpeg 768w, https:\/\/asadipre.org\/jornadas2023\/wp-content\/uploads\/2023\/04\/El-barrio-de-Santa-Cruz.jpeg 851w\" sizes=\"(max-width: 681px) 100vw, 681px\" \/>\t\t\t\t\t\t\t\t\t\t\t\t\t\t\t<\/div>\n\t\t\t\t<\/div>\n\t\t\t\t\t<\/div>\n\t\t<\/div>\n\t\t\t\t<div class=\"elementor-column elementor-col-50 elementor-top-column elementor-element elementor-element-73275dd6\" data-id=\"73275dd6\" data-element_type=\"column\" data-e-type=\"column\">\n\t\t\t<div class=\"elementor-widget-wrap elementor-element-populated\">\n\t\t\t\t\t\t<div class=\"elementor-element elementor-element-7188f061 elementor-widget elementor-widget-heading\" data-id=\"7188f061\" data-element_type=\"widget\" data-e-type=\"widget\" data-widget_type=\"heading.default\">\n\t\t\t\t<div class=\"elementor-widget-container\">\n\t\t\t\t\t<h1 class=\"elementor-heading-title elementor-size-default\">Visita barrio Santa Cruz<\/h1>\t\t\t\t<\/div>\n\t\t\t\t<\/div>\n\t\t\t\t<div class=\"elementor-element elementor-element-ea60ee9 elementor-widget elementor-widget-heading\" data-id=\"ea60ee9\" data-element_type=\"widget\" data-e-type=\"widget\" data-widget_type=\"heading.default\">\n\t\t\t\t<div class=\"elementor-widget-container\">\n\t\t\t\t\t<h6 class=\"elementor-heading-title elementor-size-default\">(Hora de salida) 50 + 50 PLAZAS<\/h6>\t\t\t\t<\/div>\n\t\t\t\t<\/div>\n\t\t\t\t<div class=\"elementor-element elementor-element-1bdc40d6 elementor-widget elementor-widget-text-editor\" data-id=\"1bdc40d6\" data-element_type=\"widget\" data-e-type=\"widget\" data-widget_type=\"text-editor.default\">\n\t\t\t\t<div class=\"elementor-widget-container\">\n\t\t\t\t\t\t\t\t\t<p>El barrio de Santa Cruz, la zona tur\u00edstica por excelencia de la ciudad, alberga la catedral g\u00f3tica de Sevilla, desde cuya Giralda se puede disfrutar de vistas panor\u00e1micas, y el Real Alc\u00e1zar, un palacio de estilo mud\u00e9jar-renacentista rodeado de exuberantes jardines. En los bares de tapas de la cercana calle Mateos Gago se sirve pulpo y jam\u00f3n ib\u00e9rico. En las estrechas callejuelas del barrio jud\u00edo y en las plazas llenas de naranjos hay bastantes tiendas de recuerdos, artesan\u00eda y cer\u00e1mica.<\/p>\t\t\t\t\t\t\t\t<\/div>\n\t\t\t\t<\/div>\n\t\t\t\t\t<\/div>\n\t\t<\/div>\n\t\t\t\t\t<\/div>\n\t\t<\/section>\n\t\t\t\t<\/div>\n\t\t","protected":false},"excerpt":{"rendered":"<p>(Hora de salida) 50 + 50 PLAZAS El barrio de Santa Cruz, la zona tur\u00edstica por excelencia de la ciudad, alberga la catedral g\u00f3tica de Sevilla, desde cuya Giralda se puede disfrutar de vistas panor\u00e1micas, y el Real Alc\u00e1zar, un palacio de estilo mud\u00e9jar-renacentista rodeado de exuberantes jardines. En los bares de tapas de la [&hellip;]<\/p>\n","protected":false},"author":1,"featured_media":0,"parent":152,"menu_order":7,"comment_status":"closed","ping_status":"closed","template":"","meta":{"footnotes":""},"class_list":["post-869","page","type-page","status-publish","hentry"],"_links":{"self":[{"href":"https:\/\/asadipre.org\/jornadas2023\/wp-json\/wp\/v2\/pages\/869","targetHints":{"allow":["GET"]}}],"collection":[{"href":"https:\/\/asadipre.org\/jornadas2023\/wp-json\/wp\/v2\/pages"}],"about":[{"href":"https:\/\/asadipre.org\/jornadas2023\/wp-json\/wp\/v2\/types\/page"}],"author":[{"embeddable":true,"href":"https:\/\/asadipre.org\/jornadas2023\/wp-json\/wp\/v2\/users\/1"}],"replies":[{"embeddable":true,"href":"https:\/\/asadipre.org\/jornadas2023\/wp-json\/wp\/v2\/comments?post=869"}],"version-history":[{"count":7,"href":"https:\/\/asadipre.org\/jornadas2023\/wp-json\/wp\/v2\/pages\/869\/revisions"}],"predecessor-version":[{"id":913,"href":"https:\/\/asadipre.org\/jornadas2023\/wp-json\/wp\/v2\/pages\/869\/revisions\/913"}],"up":[{"embeddable":true,"href":"https:\/\/asadipre.org\/jornadas2023\/wp-json\/wp\/v2\/pages\/152"}],"wp:attachment":[{"href":"https:\/\/asadipre.org\/jornadas2023\/wp-json\/wp\/v2\/media?parent=869"}],"curies":[{"name":"wp","href":"https:\/\/api.w.org\/{rel}","templated":true}]}}