{"id":273,"date":"2022-05-06T16:47:00","date_gmt":"2022-05-06T16:47:00","guid":{"rendered":"https:\/\/asadipre.org\/jornadas2023\/?page_id=273"},"modified":"2023-04-14T07:49:49","modified_gmt":"2023-04-14T07:49:49","slug":"marcelo-rofe","status":"publish","type":"page","link":"https:\/\/asadipre.org\/jornadas2023\/ponentes\/marcelo-rofe\/","title":{"rendered":"Marcelo Rof\u00e9"},"content":{"rendered":"\t\t<div data-elementor-type=\"wp-page\" data-elementor-id=\"273\" class=\"elementor elementor-273\">\n\t\t\t\t\t\t<section class=\"elementor-section elementor-top-section elementor-element elementor-element-1eba20b2 elementor-section-boxed elementor-section-height-default elementor-section-height-default\" data-id=\"1eba20b2\" data-element_type=\"section\" data-e-type=\"section\" data-settings=\"{&quot;background_background&quot;:&quot;classic&quot;}\">\n\t\t\t\t\t\t<div class=\"elementor-container elementor-column-gap-default\">\n\t\t\t\t\t<div class=\"elementor-column elementor-col-50 elementor-top-column elementor-element elementor-element-40184198\" data-id=\"40184198\" data-element_type=\"column\" data-e-type=\"column\">\n\t\t\t<div class=\"elementor-widget-wrap elementor-element-populated\">\n\t\t\t\t\t\t<div class=\"elementor-element elementor-element-538301c elementor-widget elementor-widget-gallery\" data-id=\"538301c\" data-element_type=\"widget\" data-e-type=\"widget\" data-settings=\"{&quot;columns&quot;:1,&quot;aspect_ratio&quot;:&quot;1:1&quot;,&quot;lazyload&quot;:&quot;yes&quot;,&quot;gallery_layout&quot;:&quot;grid&quot;,&quot;columns_tablet&quot;:2,&quot;columns_mobile&quot;:1,&quot;gap&quot;:{&quot;unit&quot;:&quot;px&quot;,&quot;size&quot;:10,&quot;sizes&quot;:[]},&quot;gap_tablet&quot;:{&quot;unit&quot;:&quot;px&quot;,&quot;size&quot;:10,&quot;sizes&quot;:[]},&quot;gap_mobile&quot;:{&quot;unit&quot;:&quot;px&quot;,&quot;size&quot;:10,&quot;sizes&quot;:[]},&quot;content_hover_animation&quot;:&quot;fade-in&quot;}\" data-widget_type=\"gallery.default\">\n\t\t\t\t<div class=\"elementor-widget-container\">\n\t\t\t\t\t\t\t<div class=\"elementor-gallery__container\">\n\t\t\t\t\t\t\t<div class=\"e-gallery-item elementor-gallery-item elementor-animated-content\">\n\t\t\t\t\t<div class=\"e-gallery-image elementor-gallery-item__image\" data-thumbnail=\"https:\/\/asadipre.org\/jornadas2023\/wp-content\/uploads\/2023\/04\/marcelo_roffe-282x300.jpg\" data-width=\"282\" data-height=\"300\" aria-label=\"\" role=\"img\" ><\/div>\n\t\t\t\t\t\t\t\t\t\t\t\t\t\t<\/div>\n\t\t\t\t\t<\/div>\n\t\t\t\t\t<\/div>\n\t\t\t\t<\/div>\n\t\t\t\t\t<\/div>\n\t\t<\/div>\n\t\t\t\t<div class=\"elementor-column elementor-col-50 elementor-top-column elementor-element elementor-element-65016982\" data-id=\"65016982\" data-element_type=\"column\" data-e-type=\"column\">\n\t\t\t<div class=\"elementor-widget-wrap elementor-element-populated\">\n\t\t\t\t\t\t<div class=\"elementor-element elementor-element-f0d730f elementor-widget elementor-widget-heading\" data-id=\"f0d730f\" data-element_type=\"widget\" data-e-type=\"widget\" data-widget_type=\"heading.default\">\n\t\t\t\t<div class=\"elementor-widget-container\">\n\t\t\t\t\t<h2 class=\"elementor-heading-title elementor-size-default\">Marcelo Rof\u00e9<\/h2>\t\t\t\t<\/div>\n\t\t\t\t<\/div>\n\t\t\t\t<div class=\"elementor-element elementor-element-26bb6b8 elementor-shape-circle e-grid-align-left elementor-grid-0 elementor-widget elementor-widget-social-icons\" data-id=\"26bb6b8\" data-element_type=\"widget\" data-e-type=\"widget\" data-widget_type=\"social-icons.default\">\n\t\t\t\t<div class=\"elementor-widget-container\">\n\t\t\t\t\t\t\t<div class=\"elementor-social-icons-wrapper elementor-grid\" role=\"list\">\n\t\t\t\t\t\t\t<span class=\"elementor-grid-item\" role=\"listitem\">\n\t\t\t\t\t<a class=\"elementor-icon elementor-social-icon elementor-social-icon-link elementor-repeater-item-9209450\" href=\"https:\/\/www.marceloroffe.com\/\" target=\"_blank\">\n\t\t\t\t\t\t<span class=\"elementor-screen-only\">Link<\/span>\n\t\t\t\t\t\t<i aria-hidden=\"true\" class=\"fas fa-link\"><\/i>\t\t\t\t\t<\/a>\n\t\t\t\t<\/span>\n\t\t\t\t\t\t\t<span class=\"elementor-grid-item\" role=\"listitem\">\n\t\t\t\t\t<a class=\"elementor-icon elementor-social-icon elementor-social-icon-facebook elementor-repeater-item-af789e1\" href=\"https:\/\/www.facebook.com\/marceroffe\" target=\"_blank\">\n\t\t\t\t\t\t<span class=\"elementor-screen-only\">Facebook<\/span>\n\t\t\t\t\t\t<i aria-hidden=\"true\" class=\"fab fa-facebook\"><\/i>\t\t\t\t\t<\/a>\n\t\t\t\t<\/span>\n\t\t\t\t\t\t\t<span class=\"elementor-grid-item\" role=\"listitem\">\n\t\t\t\t\t<a class=\"elementor-icon elementor-social-icon elementor-social-icon-twitter elementor-repeater-item-6b2c708\" href=\"https:\/\/www.twitter.com\/marceloroffe\" target=\"_blank\">\n\t\t\t\t\t\t<span class=\"elementor-screen-only\">Twitter<\/span>\n\t\t\t\t\t\t<i aria-hidden=\"true\" class=\"fab fa-twitter\"><\/i>\t\t\t\t\t<\/a>\n\t\t\t\t<\/span>\n\t\t\t\t\t\t\t<span class=\"elementor-grid-item\" role=\"listitem\">\n\t\t\t\t\t<a class=\"elementor-icon elementor-social-icon elementor-social-icon-linkedin elementor-repeater-item-ca04f20\" href=\"https:\/\/www.linkedin.com\/in\/marcelo-roffe-58358a31\" target=\"_blank\">\n\t\t\t\t\t\t<span class=\"elementor-screen-only\">Linkedin<\/span>\n\t\t\t\t\t\t<i aria-hidden=\"true\" class=\"fab fa-linkedin\"><\/i>\t\t\t\t\t<\/a>\n\t\t\t\t<\/span>\n\t\t\t\t\t\t\t<span class=\"elementor-grid-item\" role=\"listitem\">\n\t\t\t\t\t<a class=\"elementor-icon elementor-social-icon elementor-social-icon-youtube elementor-repeater-item-69ab895\" href=\"https:\/\/www.youtube.com\/user\/roffevideos\" target=\"_blank\">\n\t\t\t\t\t\t<span class=\"elementor-screen-only\">Youtube<\/span>\n\t\t\t\t\t\t<i aria-hidden=\"true\" class=\"fab fa-youtube\"><\/i>\t\t\t\t\t<\/a>\n\t\t\t\t<\/span>\n\t\t\t\t\t\t\t<span class=\"elementor-grid-item\" role=\"listitem\">\n\t\t\t\t\t<a class=\"elementor-icon elementor-social-icon elementor-social-icon-instagram elementor-repeater-item-ef43cd1\" href=\"https:\/\/www.instagram.com\/marcelo.roffe\/\" target=\"_blank\">\n\t\t\t\t\t\t<span class=\"elementor-screen-only\">Instagram<\/span>\n\t\t\t\t\t\t<i aria-hidden=\"true\" class=\"fab fa-instagram\"><\/i>\t\t\t\t\t<\/a>\n\t\t\t\t<\/span>\n\t\t\t\t\t<\/div>\n\t\t\t\t\t\t<\/div>\n\t\t\t\t<\/div>\n\t\t\t\t\t<\/div>\n\t\t<\/div>\n\t\t\t\t\t<\/div>\n\t\t<\/section>\n\t\t\t\t<section class=\"elementor-section elementor-top-section elementor-element elementor-element-6f3c4f76 elementor-section-boxed elementor-section-height-default elementor-section-height-default\" data-id=\"6f3c4f76\" data-element_type=\"section\" data-e-type=\"section\">\n\t\t\t\t\t\t<div class=\"elementor-container elementor-column-gap-default\">\n\t\t\t\t\t<div class=\"elementor-column elementor-col-100 elementor-top-column elementor-element elementor-element-39a3b842\" data-id=\"39a3b842\" data-element_type=\"column\" data-e-type=\"column\">\n\t\t\t<div class=\"elementor-widget-wrap elementor-element-populated\">\n\t\t\t\t\t\t<div class=\"elementor-element elementor-element-4353d47c elementor-widget elementor-widget-heading\" data-id=\"4353d47c\" data-element_type=\"widget\" data-e-type=\"widget\" data-widget_type=\"heading.default\">\n\t\t\t\t<div class=\"elementor-widget-container\">\n\t\t\t\t\t<h3 class=\"elementor-heading-title elementor-size-default\">Biograf\u00eda<\/h3>\t\t\t\t<\/div>\n\t\t\t\t<\/div>\n\t\t\t\t<div class=\"elementor-element elementor-element-1f72d76 elementor-widget elementor-widget-text-editor\" data-id=\"1f72d76\" data-element_type=\"widget\" data-e-type=\"widget\" data-widget_type=\"text-editor.default\">\n\t\t\t\t<div class=\"elementor-widget-container\">\n\t\t\t\t\t\t\t\t\t<p>Licenciado en Psicolog\u00eda ( UBA &#8211; 1990 ).<\/p><p>Master en Psicolog\u00eda del deporte y de la Actividad F\u00edsica ( UNED-UCM &#8211; Espa\u00f1a ).<\/p>\t\t\t\t\t\t\t\t<\/div>\n\t\t\t\t<\/div>\n\t\t\t\t<div class=\"elementor-element elementor-element-a7a57dd elementor-widget elementor-widget-text-editor\" data-id=\"a7a57dd\" data-element_type=\"widget\" data-e-type=\"widget\" data-widget_type=\"text-editor.default\">\n\t\t\t\t<div class=\"elementor-widget-container\">\n\t\t\t\t\t\t\t\t\t<ul><li>Actual Presidente de SOLCPAD (Sociedad Latinoamericana y del Caribe de Psicologia del deporte y la actividad f\u00edsica) \/ www.solcpad.com<\/li><li>Presidente de la Asociaci\u00f3n de Psicolog\u00eda del Deporte Argentina desde el a\u00f1o 2003 hasta el 2013 (APDA) \/ www.psicodeportes.com<\/li><li>Ex-Responsable desde el a\u00f1o 1995 al 2000 del \u00e1rea en las divisiones juveniles del Club Ferro Carril Oeste y desde el a\u00f1o 2000 hasta el 2006 del<\/li><li>\u00c1rea de Psicolog\u00eda del Deporte de las Selecciones Juveniles Argentinas de F\u00fatbol, AFA (sub 15, sub 17 y sub 20)<\/li><li>Asesor externo del cuerpo t\u00e9cnico de la selecci\u00f3n mayor de f\u00fatbol conducido por Jos\u00e9 Pekerman para el mundial 2006 de Alemania<\/li><li>Profesor de la Universidad de Buenos Aires (UBA) en actividades de Postgrado y de Grado.<\/li><li>Profesor en el Centro Nacional de Alto Rendimiento ( CeNARD ) en cursos anuales de especializaci\u00f3n para entrenadores y psic\u00f3logos.<\/li><li>Titular de la materia Psicolog\u00eda del deporte en la Universidad de Palermo (UP) donde se est\u00e1 doctorando.<\/li><li>Docente responsable de la especialidad en los cursos anuales de APEFFA (preparadores f\u00edsicos de f\u00fatbol)<\/li><li>Ex Docente responsable de la materia \u00abconducci\u00f3n de equipos de trabajo\u00bb en la UAI, en el master de organizacional<\/li><li>En 2013 present\u00f3 su nuevo libro \u201cEl partido Mental\u201d en 400 frases y 45 temas en M\u00e9xico, realizado con la colega Mag. Claudia Rivas. El mismo se presento en agosto en la Universidad de Palermo con la presencia de Eduardo Sacheri, escritor e historiador y prologuista del mismo y Juan Manuel Herbella y en Paraguay en octubre.<\/li><li>En Diciembre del 2013 recibe el diploma de Psic\u00f3logo experto en Coaching Deportivo. Curso dictado por el Dr. Alejo Garcia Naveira (Espa\u00f1a) de 100 horas de formaci\u00f3n y avalado por la Asociaci\u00f3n espa\u00f1ola de Psicolog\u00eda y Coaching Deportivo, por el Colegio de Psic\u00f3logos de Madrid y por la Asociaci\u00f3n de Psicolog\u00eda del Deporte Argentina.<\/li><li>En 2014 present\u00f3 su d\u00e9cimo libro como compilador junto a Santiago Rivera y autor \u00abEntrenamiento Mental en el f\u00fatbol moderno: herramientas pr\u00e1cticas\u00bb<\/li><li>Desde octubre del 2016 hasta julio del 2017 asesor\u00f3 al cuerpo t\u00e9cnico de los Jaguares, franquicia argentina del S\u00faper Rugby, liderado por Raul Perez de la UAR<\/li><li>En el primer semestre del 2017 fue el responsable y asesor del \u00c1rea Psicol\u00f3gica del futbol profesional del Club Ferrocarril Oeste.<\/li><\/ul>\t\t\t\t\t\t\t\t<\/div>\n\t\t\t\t<\/div>\n\t\t\t\t\t<\/div>\n\t\t<\/div>\n\t\t\t\t\t<\/div>\n\t\t<\/section>\n\t\t\t\t<section class=\"elementor-section elementor-top-section elementor-element elementor-element-7ca6593 elementor-section-boxed elementor-section-height-default elementor-section-height-default\" data-id=\"7ca6593\" data-element_type=\"section\" data-e-type=\"section\">\n\t\t\t\t\t\t<div class=\"elementor-container elementor-column-gap-default\">\n\t\t\t\t\t<div class=\"elementor-column elementor-col-100 elementor-top-column elementor-element elementor-element-7b940cd\" data-id=\"7b940cd\" data-element_type=\"column\" data-e-type=\"column\">\n\t\t\t<div class=\"elementor-widget-wrap elementor-element-populated\">\n\t\t\t\t\t\t<div class=\"elementor-element elementor-element-932002d elementor-widget elementor-widget-spacer\" data-id=\"932002d\" data-element_type=\"widget\" data-e-type=\"widget\" data-widget_type=\"spacer.default\">\n\t\t\t\t<div class=\"elementor-widget-container\">\n\t\t\t\t\t\t\t<div class=\"elementor-spacer\">\n\t\t\t<div class=\"elementor-spacer-inner\"><\/div>\n\t\t<\/div>\n\t\t\t\t\t\t<\/div>\n\t\t\t\t<\/div>\n\t\t\t\t\t<\/div>\n\t\t<\/div>\n\t\t\t\t\t<\/div>\n\t\t<\/section>\n\t\t\t\t<\/div>\n\t\t","protected":false},"excerpt":{"rendered":"<p>Link Facebook Twitter Linkedin Youtube Instagram Biograf\u00eda Licenciado en Psicolog\u00eda ( UBA &#8211; 1990 ). Master en Psicolog\u00eda del deporte y de la Actividad F\u00edsica ( UNED-UCM &#8211; Espa\u00f1a ). Actual Presidente de SOLCPAD (Sociedad Latinoamericana y del Caribe de Psicologia del deporte y la actividad f\u00edsica) \/ www.solcpad.com Presidente de la Asociaci\u00f3n de Psicolog\u00eda [&hellip;]<\/p>\n","protected":false},"author":1,"featured_media":0,"parent":257,"menu_order":11,"comment_status":"closed","ping_status":"closed","template":"","meta":{"footnotes":""},"class_list":["post-273","page","type-page","status-publish","hentry"],"_links":{"self":[{"href":"https:\/\/asadipre.org\/jornadas2023\/wp-json\/wp\/v2\/pages\/273","targetHints":{"allow":["GET"]}}],"collection":[{"href":"https:\/\/asadipre.org\/jornadas2023\/wp-json\/wp\/v2\/pages"}],"about":[{"href":"https:\/\/asadipre.org\/jornadas2023\/wp-json\/wp\/v2\/types\/page"}],"author":[{"embeddable":true,"href":"https:\/\/asadipre.org\/jornadas2023\/wp-json\/wp\/v2\/users\/1"}],"replies":[{"embeddable":true,"href":"https:\/\/asadipre.org\/jornadas2023\/wp-json\/wp\/v2\/comments?post=273"}],"version-history":[{"count":14,"href":"https:\/\/asadipre.org\/jornadas2023\/wp-json\/wp\/v2\/pages\/273\/revisions"}],"predecessor-version":[{"id":787,"href":"https:\/\/asadipre.org\/jornadas2023\/wp-json\/wp\/v2\/pages\/273\/revisions\/787"}],"up":[{"embeddable":true,"href":"https:\/\/asadipre.org\/jornadas2023\/wp-json\/wp\/v2\/pages\/257"}],"wp:attachment":[{"href":"https:\/\/asadipre.org\/jornadas2023\/wp-json\/wp\/v2\/media?parent=273"}],"curies":[{"name":"wp","href":"https:\/\/api.w.org\/{rel}","templated":true}]}}