{"id":230,"date":"2022-05-06T16:16:57","date_gmt":"2022-05-06T16:16:57","guid":{"rendered":"https:\/\/asadipre.org\/jornadas2023\/?page_id=230"},"modified":"2023-04-18T07:54:25","modified_gmt":"2023-04-18T07:54:25","slug":"alcazar","status":"publish","type":"page","link":"https:\/\/asadipre.org\/jornadas2023\/actividades-de-ocio\/alcazar\/","title":{"rendered":"Alc\u00e1zar"},"content":{"rendered":"\t\t<div data-elementor-type=\"wp-page\" data-elementor-id=\"230\" class=\"elementor elementor-230\">\n\t\t\t\t\t\t<section class=\"elementor-section elementor-top-section elementor-element elementor-element-51edcba elementor-section-boxed elementor-section-height-default elementor-section-height-default\" data-id=\"51edcba\" data-element_type=\"section\" data-e-type=\"section\" data-settings=\"{&quot;background_background&quot;:&quot;classic&quot;}\">\n\t\t\t\t\t\t<div class=\"elementor-container elementor-column-gap-default\">\n\t\t\t\t\t<div class=\"elementor-column elementor-col-50 elementor-top-column elementor-element elementor-element-d5709c8\" data-id=\"d5709c8\" data-element_type=\"column\" data-e-type=\"column\">\n\t\t\t<div class=\"elementor-widget-wrap elementor-element-populated\">\n\t\t\t\t\t\t<div class=\"elementor-element elementor-element-99d88ca elementor-widget elementor-widget-image\" data-id=\"99d88ca\" data-element_type=\"widget\" data-e-type=\"widget\" data-widget_type=\"image.default\">\n\t\t\t\t<div class=\"elementor-widget-container\">\n\t\t\t\t\t\t\t\t\t\t\t\t\t\t\t<img fetchpriority=\"high\" decoding=\"async\" width=\"768\" height=\"576\" src=\"https:\/\/asadipre.org\/jornadas2023\/wp-content\/uploads\/2023\/04\/Alcazar_of_Sevilla-768x576.jpeg\" class=\"attachment-medium_large size-medium_large wp-image-873\" alt=\"\" srcset=\"https:\/\/asadipre.org\/jornadas2023\/wp-content\/uploads\/2023\/04\/Alcazar_of_Sevilla-768x576.jpeg 768w, https:\/\/asadipre.org\/jornadas2023\/wp-content\/uploads\/2023\/04\/Alcazar_of_Sevilla-300x225.jpeg 300w, https:\/\/asadipre.org\/jornadas2023\/wp-content\/uploads\/2023\/04\/Alcazar_of_Sevilla-1024x768.jpeg 1024w, https:\/\/asadipre.org\/jornadas2023\/wp-content\/uploads\/2023\/04\/Alcazar_of_Sevilla-1536x1152.jpeg 1536w, https:\/\/asadipre.org\/jornadas2023\/wp-content\/uploads\/2023\/04\/Alcazar_of_Sevilla-2048x1536.jpeg 2048w\" sizes=\"(max-width: 768px) 100vw, 768px\" \/>\t\t\t\t\t\t\t\t\t\t\t\t\t\t\t<\/div>\n\t\t\t\t<\/div>\n\t\t\t\t\t<\/div>\n\t\t<\/div>\n\t\t\t\t<div class=\"elementor-column elementor-col-50 elementor-top-column elementor-element elementor-element-59c69cd\" data-id=\"59c69cd\" data-element_type=\"column\" data-e-type=\"column\">\n\t\t\t<div class=\"elementor-widget-wrap elementor-element-populated\">\n\t\t\t\t\t\t<div class=\"elementor-element elementor-element-48b340b elementor-widget elementor-widget-heading\" data-id=\"48b340b\" data-element_type=\"widget\" data-e-type=\"widget\" data-widget_type=\"heading.default\">\n\t\t\t\t<div class=\"elementor-widget-container\">\n\t\t\t\t\t<h1 class=\"elementor-heading-title elementor-size-default\">Alc\u00e1zar<\/h1>\t\t\t\t<\/div>\n\t\t\t\t<\/div>\n\t\t\t\t<div class=\"elementor-element elementor-element-e4dd226 elementor-widget elementor-widget-heading\" data-id=\"e4dd226\" data-element_type=\"widget\" data-e-type=\"widget\" data-widget_type=\"heading.default\">\n\t\t\t\t<div class=\"elementor-widget-container\">\n\t\t\t\t\t<h6 class=\"elementor-heading-title elementor-size-default\">(Hora de salida 18 H) 50 PLAZAS<\/h6>\t\t\t\t<\/div>\n\t\t\t\t<\/div>\n\t\t\t\t<div class=\"elementor-element elementor-element-7443a8d elementor-widget elementor-widget-text-editor\" data-id=\"7443a8d\" data-element_type=\"widget\" data-e-type=\"widget\" data-widget_type=\"text-editor.default\">\n\t\t\t\t<div class=\"elementor-widget-container\">\n\t\t\t\t\t\t\t\t\t<p>El Real Alc\u00e1zar de Sevilla es un conjunto palaciego amurallado construido en diferentes etapas hist\u00f3ricas. El palacio original se edific\u00f3 en la Alta Edad Media. Se conservan algunos vestigios de arte isl\u00e1mico y, de la etapa posterior a la conquista castellana, un espacio palaciego mud\u00e9jar y otro de estilo g\u00f3tico. En reformas posteriores se a\u00f1adieron elementos renacentistas, manieristas1 y barrocos.<\/p><p>\u00a0<\/p><p><u>Muralla exterior y puerta del Le\u00f3n.<\/u><\/p><p><span style=\"background-color: var( --e-global-color-7cfa14e ); color: var( --e-global-color-text ); font-family: var( --e-global-typography-text-font-family ), Sans-serif; font-size: var( --e-global-typography-text-font-size ); font-weight: var( --e-global-typography-text-font-weight );\">Es la residencia de los miembros de la familia real espa\u00f1ola cuando visitan Sevilla.<\/span><\/p><p>Esto hace que sea el palacio real en uso m\u00e1s antiguo de Europa. La Unesco lo declar\u00f3 Patrimonio de la Humanidad, junto a la catedral de Sevilla y al Archivo de Indias, en el a\u00f1o 1987.<\/p><p>\u00a0<\/p><p>En 2019 recibi\u00f3 2 067 016 visitantes, convirti\u00e9ndolo en uno de los monumentos m\u00e1s visitados de Espa\u00f1a.<\/p>\t\t\t\t\t\t\t\t<\/div>\n\t\t\t\t<\/div>\n\t\t\t\t\t<\/div>\n\t\t<\/div>\n\t\t\t\t\t<\/div>\n\t\t<\/section>\n\t\t\t\t<\/div>\n\t\t","protected":false},"excerpt":{"rendered":"<p>(Hora de salida 18 H) 50 PLAZAS El Real Alc\u00e1zar de Sevilla es un conjunto palaciego amurallado construido en diferentes etapas hist\u00f3ricas. El palacio original se edific\u00f3 en la Alta Edad Media. Se conservan algunos vestigios de arte isl\u00e1mico y, de la etapa posterior a la conquista castellana, un espacio palaciego mud\u00e9jar y otro de [&hellip;]<\/p>\n","protected":false},"author":1,"featured_media":0,"parent":152,"menu_order":5,"comment_status":"closed","ping_status":"closed","template":"","meta":{"footnotes":""},"class_list":["post-230","page","type-page","status-publish","hentry"],"_links":{"self":[{"href":"https:\/\/asadipre.org\/jornadas2023\/wp-json\/wp\/v2\/pages\/230","targetHints":{"allow":["GET"]}}],"collection":[{"href":"https:\/\/asadipre.org\/jornadas2023\/wp-json\/wp\/v2\/pages"}],"about":[{"href":"https:\/\/asadipre.org\/jornadas2023\/wp-json\/wp\/v2\/types\/page"}],"author":[{"embeddable":true,"href":"https:\/\/asadipre.org\/jornadas2023\/wp-json\/wp\/v2\/users\/1"}],"replies":[{"embeddable":true,"href":"https:\/\/asadipre.org\/jornadas2023\/wp-json\/wp\/v2\/comments?post=230"}],"version-history":[{"count":20,"href":"https:\/\/asadipre.org\/jornadas2023\/wp-json\/wp\/v2\/pages\/230\/revisions"}],"predecessor-version":[{"id":919,"href":"https:\/\/asadipre.org\/jornadas2023\/wp-json\/wp\/v2\/pages\/230\/revisions\/919"}],"up":[{"embeddable":true,"href":"https:\/\/asadipre.org\/jornadas2023\/wp-json\/wp\/v2\/pages\/152"}],"wp:attachment":[{"href":"https:\/\/asadipre.org\/jornadas2023\/wp-json\/wp\/v2\/media?parent=230"}],"curies":[{"name":"wp","href":"https:\/\/api.w.org\/{rel}","templated":true}]}}