{"id":226,"date":"2022-05-06T16:15:40","date_gmt":"2022-05-06T16:15:40","guid":{"rendered":"https:\/\/asadipre.org\/jornadas2023\/?page_id=226"},"modified":"2023-05-04T11:10:39","modified_gmt":"2023-05-04T11:10:39","slug":"aquarium","status":"publish","type":"page","link":"https:\/\/asadipre.org\/jornadas2023\/actividades-de-ocio\/aquarium\/","title":{"rendered":"Antiqvarivm"},"content":{"rendered":"\t\t<div data-elementor-type=\"wp-page\" data-elementor-id=\"226\" class=\"elementor elementor-226\">\n\t\t\t\t\t\t<section class=\"elementor-section elementor-top-section elementor-element elementor-element-3c587c6c elementor-section-boxed elementor-section-height-default elementor-section-height-default\" data-id=\"3c587c6c\" data-element_type=\"section\" data-e-type=\"section\" data-settings=\"{&quot;background_background&quot;:&quot;classic&quot;}\">\n\t\t\t\t\t\t<div class=\"elementor-container elementor-column-gap-default\">\n\t\t\t\t\t<div class=\"elementor-column elementor-col-50 elementor-top-column elementor-element elementor-element-421b66e6\" data-id=\"421b66e6\" data-element_type=\"column\" data-e-type=\"column\">\n\t\t\t<div class=\"elementor-widget-wrap elementor-element-populated\">\n\t\t\t\t\t\t<div class=\"elementor-element elementor-element-3c3034f5 elementor-widget elementor-widget-image\" data-id=\"3c3034f5\" data-element_type=\"widget\" data-e-type=\"widget\" data-widget_type=\"image.default\">\n\t\t\t\t<div class=\"elementor-widget-container\">\n\t\t\t\t\t\t\t\t\t\t\t\t\t\t\t<img fetchpriority=\"high\" decoding=\"async\" width=\"1161\" height=\"484\" src=\"https:\/\/asadipre.org\/jornadas2023\/wp-content\/uploads\/2023\/05\/Antiqvarivm.png\" class=\"attachment-2048x2048 size-2048x2048 wp-image-1175\" alt=\"\" srcset=\"https:\/\/asadipre.org\/jornadas2023\/wp-content\/uploads\/2023\/05\/Antiqvarivm.png 1161w, https:\/\/asadipre.org\/jornadas2023\/wp-content\/uploads\/2023\/05\/Antiqvarivm-300x125.png 300w, https:\/\/asadipre.org\/jornadas2023\/wp-content\/uploads\/2023\/05\/Antiqvarivm-1024x427.png 1024w, https:\/\/asadipre.org\/jornadas2023\/wp-content\/uploads\/2023\/05\/Antiqvarivm-768x320.png 768w\" sizes=\"(max-width: 1161px) 100vw, 1161px\" \/>\t\t\t\t\t\t\t\t\t\t\t\t\t\t\t<\/div>\n\t\t\t\t<\/div>\n\t\t\t\t\t<\/div>\n\t\t<\/div>\n\t\t\t\t<div class=\"elementor-column elementor-col-50 elementor-top-column elementor-element elementor-element-73275dd6\" data-id=\"73275dd6\" data-element_type=\"column\" data-e-type=\"column\">\n\t\t\t<div class=\"elementor-widget-wrap elementor-element-populated\">\n\t\t\t\t\t\t<div class=\"elementor-element elementor-element-7188f061 elementor-widget elementor-widget-heading\" data-id=\"7188f061\" data-element_type=\"widget\" data-e-type=\"widget\" data-widget_type=\"heading.default\">\n\t\t\t\t<div class=\"elementor-widget-container\">\n\t\t\t\t\t<h1 class=\"elementor-heading-title elementor-size-default\">Antiqvarivm<\/h1>\t\t\t\t<\/div>\n\t\t\t\t<\/div>\n\t\t\t\t<div class=\"elementor-element elementor-element-9112287 elementor-widget elementor-widget-heading\" data-id=\"9112287\" data-element_type=\"widget\" data-e-type=\"widget\" data-widget_type=\"heading.default\">\n\t\t\t\t<div class=\"elementor-widget-container\">\n\t\t\t\t\t<h6 class=\"elementor-heading-title elementor-size-default\">(Hora de salida 19 H) 50 PLAZAS<\/h6>\t\t\t\t<\/div>\n\t\t\t\t<\/div>\n\t\t\t\t<div class=\"elementor-element elementor-element-1bdc40d6 elementor-widget elementor-widget-text-editor\" data-id=\"1bdc40d6\" data-element_type=\"widget\" data-e-type=\"widget\" data-widget_type=\"text-editor.default\">\n\t\t\t\t<div class=\"elementor-widget-container\">\n\t\t\t\t\t\t\t\t\t<p>Las obras de Metropol Parasol dejaron al descubierto restos visibles de gran parte del per\u00edodo romano, desde Tiberio (ca. 30 d.C.) hasta el s. VI y una casa isl\u00e1mica almohade de los siglos XII y XIII. Adem\u00e1s, este solar conservaba informaci\u00f3n de per\u00edodos que abarcan las edades media, moderna y contempor\u00e1nea.<\/p><p>Los restos arqueol\u00f3gicos est\u00e1n ubicados en un espacio di\u00e1fano de 4,879 metros cuadrados, con los restos de la ciudad romana a la cota -5,45 metros y una altura libre de 3,95 metros. Independientemente de estas medidas, Antiqvarivm est\u00e1 concebido para ser un contenedor en el cual se pierda la sensaci\u00f3n de estar limitado espacialmente por muros de hormig\u00f3n.<\/p><p>Antiqvarivm contempla una membrana de vidrio que envuelve todo el espacio, con capacidad de modificar nuestra percepci\u00f3n gracias a su cualidad cambiante, casi camale\u00f3nica, para variar sus propiedades: ser transparente o trasl\u00facido, pasando por todos los grados intermedios; dejar ver o reflejar una imagen, dejar pasar la luz o reflejarla.<\/p><p>Este efecto, junto con los muros colgantes (construidos con textiles met\u00e1licos) y las linternas de luz, tienen la finalidad de reconstruir las sensaciones de los espacios en los que vivieron nuestros antepasados.<\/p>\t\t\t\t\t\t\t\t<\/div>\n\t\t\t\t<\/div>\n\t\t\t\t\t<\/div>\n\t\t<\/div>\n\t\t\t\t\t<\/div>\n\t\t<\/section>\n\t\t\t\t<\/div>\n\t\t","protected":false},"excerpt":{"rendered":"<p>(Hora de salida 19 H) 50 PLAZAS Las obras de Metropol Parasol dejaron al descubierto restos visibles de gran parte del per\u00edodo romano, desde Tiberio (ca. 30 d.C.) hasta el s. VI y una casa isl\u00e1mica almohade de los siglos XII y XIII. Adem\u00e1s, este solar conservaba informaci\u00f3n de per\u00edodos que abarcan las edades media, [&hellip;]<\/p>\n","protected":false},"author":1,"featured_media":0,"parent":152,"menu_order":7,"comment_status":"closed","ping_status":"closed","template":"","meta":{"footnotes":""},"class_list":["post-226","page","type-page","status-publish","hentry"],"_links":{"self":[{"href":"https:\/\/asadipre.org\/jornadas2023\/wp-json\/wp\/v2\/pages\/226","targetHints":{"allow":["GET"]}}],"collection":[{"href":"https:\/\/asadipre.org\/jornadas2023\/wp-json\/wp\/v2\/pages"}],"about":[{"href":"https:\/\/asadipre.org\/jornadas2023\/wp-json\/wp\/v2\/types\/page"}],"author":[{"embeddable":true,"href":"https:\/\/asadipre.org\/jornadas2023\/wp-json\/wp\/v2\/users\/1"}],"replies":[{"embeddable":true,"href":"https:\/\/asadipre.org\/jornadas2023\/wp-json\/wp\/v2\/comments?post=226"}],"version-history":[{"count":21,"href":"https:\/\/asadipre.org\/jornadas2023\/wp-json\/wp\/v2\/pages\/226\/revisions"}],"predecessor-version":[{"id":1178,"href":"https:\/\/asadipre.org\/jornadas2023\/wp-json\/wp\/v2\/pages\/226\/revisions\/1178"}],"up":[{"embeddable":true,"href":"https:\/\/asadipre.org\/jornadas2023\/wp-json\/wp\/v2\/pages\/152"}],"wp:attachment":[{"href":"https:\/\/asadipre.org\/jornadas2023\/wp-json\/wp\/v2\/media?parent=226"}],"curies":[{"name":"wp","href":"https:\/\/api.w.org\/{rel}","templated":true}]}}